{"id":1875,"date":"2025-01-06T15:23:44","date_gmt":"2025-01-06T15:23:44","guid":{"rendered":"https:\/\/deutsche-hydraulik.com\/?page_id=1875"},"modified":"2025-01-10T14:42:43","modified_gmt":"2025-01-10T14:42:43","slug":"impressum","status":"publish","type":"page","link":"https:\/\/deutsche-hydraulik.com\/en\/impressum\/","title":{"rendered":"Impressum"},"content":{"rendered":"<div data-elementor-type=\"wp-page\" data-elementor-id=\"1875\" class=\"elementor elementor-1875\">\n\t\t\t\t<div class=\"elementor-element elementor-element-fd77ba4 e-flex e-con-boxed e-con e-parent\" data-id=\"fd77ba4\" data-element_type=\"container\">\n\t\t\t\t\t<div class=\"e-con-inner\">\n\t\t\t\t<div class=\"elementor-element elementor-element-91c4dad elementor-widget elementor-widget-heading\" data-id=\"91c4dad\" data-element_type=\"widget\" data-widget_type=\"heading.default\">\n\t\t\t\t<div class=\"elementor-widget-container\">\n\t\t\t\t\t<h1 class=\"elementor-heading-title elementor-size-default\">Impressum<\/h1>\t\t\t\t<\/div>\n\t\t\t\t<\/div>\n\t\t<div class=\"elementor-element elementor-element-85cca87 e-con-full e-flex e-con e-child\" data-id=\"85cca87\" data-element_type=\"container\">\n\t\t\t\t<div class=\"elementor-element elementor-element-942ba35 elementor-widget elementor-widget-text-editor\" data-id=\"942ba35\" data-element_type=\"widget\" data-widget_type=\"text-editor.default\">\n\t\t\t\t<div class=\"elementor-widget-container\">\n\t\t\t\t\t\t\t\t\t<div id=\"rncms_display_body\"><div id=\"c249\" class=\"csc-default\"><div class=\"csc-textpic-text\"><div id=\"col3_content\" class=\"clearfix\"><div id=\"rncms_display_body\"><div class=\"subcolumns\"><div class=\"c33l\"><div class=\"subcl\"><p>B\u00e1csai \u00fat 80<br \/>9026 Gy\u0151r<\/p><p>Telefon: +36 96 892 809<\/p><p><span style=\"color: #444444; font-family: Arial, Helvetica, sans-serif;\">E-Mail:<\/span><b><span style=\"color: #0b0172;\"> sales@deutsche-hydraulik.com<\/span><\/b><br \/><span style=\"color: #444444; font-family: Arial, Helvetica, sans-serif;\"> Internet: <\/span><b><span style=\"color: #0b0172;\">https:\/\/deutsche-hydraulik.com<\/span><\/b><\/p><p><span style=\"color: #444444; font-family: Arial, Helvetica, sans-serif;\"> Registernummer: 08-09-035095<\/span><\/p><p>Steuernummer: 32111604-2-08<\/p><p><span style=\"color: #444444; font-family: Arial, Helvetica, sans-serif;\"> Gesch\u00e4ftsf\u00fchrer: <\/span><span style=\"color: #444444; font-family: Arial, Helvetica, sans-serif;\">Manfred Grieger<\/span><\/p><p>Umsatzsteuer-Identifikationsnummer: HU32111604<\/p><p>\u00a0<\/p><\/div><\/div><\/div><\/div><\/div><\/div><\/div><\/div><div id=\"content_zeile\"><h4>Rechtliche Hinweise<\/h4><\/div><div id=\"content_zeile\"><p>Die Vervielf\u00e4ltigung von Informationen und Daten, insbesondere die Verwendung von Bildern, Texten und Textteilen bedarf der vorherigen Zustimmung der Deutsche Hydraulik Kft.<\/p><p><strong>Rechtliche Hinweise nach \u00a7 6 TDG<\/strong><br \/>Anbieterin und Verantwortliche f\u00fcr diese Internet-Domain im Sinne des \u00a7 6 des Gesetzes \u00fcber die Nutzung von Telediensten (TDG) des Gesetzes zur Regelung der Rahmenbedingungen f\u00fcr Informations- und Kommunikationsdienste (IuKDG), und bez\u00fcglich redaktioneller Inhalte, des Presserechts, sowie des \u00a7 6 II und gem\u00e4\u00df \u00a7 10 Absatz 3 des Staatsvertrages \u00fcber Mediendienste (MDStV), ist die<\/p><p>Deutsche Hydraulik Kft.<br \/>9026 Gy\u0151r<br \/>E-Mail: sales@deutsche-hydraulik.com<\/p><p>Design und Technik:<br \/>Deutsche Hydraulik Kft.<br \/>9026 Gy\u0151r<\/p><p><strong>Haftungshinweis:<\/strong><br \/>Die auf dieser Webseite bereitgestellten Informationen werden durch die Deutsche Hydraulik Kft. sorgf\u00e4ltig gepr\u00fcft und regelm\u00e4\u00dfig aktualisiert.<\/p><p>Dennoch kann die Deutsche Hydraulik Kft. keine Haftung oder Garantie f\u00fcr die Aktualit\u00e4t, Richtigkeit und Vollst\u00e4ndigkeit der zur Verf\u00fcgung gestellten Informationen und Software \u00fcbernehmen.<\/p><p>Gleiches gilt auch f\u00fcr den Inhalt der Websites, auf die mittels Hyperlink verwiesen wird. Die Deutsche Hydraulik Kft. ist f\u00fcr den Inhalt der Websites, die auf Grund einer solchen Verbindung erreicht werden, nicht verantwortlich.<\/p><p>Trotz sorgf\u00e4ltiger inhaltlicher Kontrolle \u00fcbernehmen wir keine Haftung f\u00fcr die Inhalte externer Links. F\u00fcr den Inhalt der verlinkten Seiten sind ausschlie\u00dflich deren Betreiber verantwortlich.<\/p><\/div>\t\t\t\t\t\t\t\t<\/div>\n\t\t\t\t<\/div>\n\t\t\t\t<\/div>\n\t\t\t\t\t<\/div>\n\t\t\t\t<\/div>\n\t\t\t\t<\/div>","protected":false},"excerpt":{"rendered":"<p>Impressum B\u00e1csai \u00fat 809026 Gy\u0151r Telefon: +36 96 892 809 E-Mail: sales@deutsche-hydraulik.com Internet: https:\/\/deutsche-hydraulik.com Registernummer: 08-09-035095 Steuernummer: 32111604-2-08 Gesch\u00e4ftsf\u00fchrer: Manfred Grieger Umsatzsteuer-Identifikationsnummer: HU32111604 \u00a0 Rechtliche Hinweise Die Vervielf\u00e4ltigung von Informationen und Daten, insbesondere die Verwendung von Bildern, Texten und Textteilen bedarf der vorherigen Zustimmung der Deutsche Hydraulik Kft. Rechtliche Hinweise nach \u00a7 6 TDGAnbieterin und [&hellip;]<\/p>","protected":false},"author":1,"featured_media":0,"parent":0,"menu_order":0,"comment_status":"closed","ping_status":"closed","template":"","meta":{"site-sidebar-layout":"no-sidebar","site-content-layout":"page-builder","ast-site-content-layout":"full-width-container","site-content-style":"default","site-sidebar-style":"default","ast-global-header-display":"","ast-banner-title-visibility":"","ast-main-header-display":"","ast-hfb-above-header-display":"","ast-hfb-below-header-display":"","ast-hfb-mobile-header-display":"","site-post-title":"disabled","ast-breadcrumbs-content":"","ast-featured-img":"disabled","footer-sml-layout":"","theme-transparent-header-meta":"","adv-header-id-meta":"","stick-header-meta":"","header-above-stick-meta":"","header-main-stick-meta":"","header-below-stick-meta":"","astra-migrate-meta-layouts":"default","ast-page-background-enabled":"default","ast-page-background-meta":{"desktop":{"background-color":"var(--ast-global-color-4)","background-image":"","background-repeat":"repeat","background-position":"center center","background-size":"auto","background-attachment":"scroll","background-type":"","background-media":"","overlay-type":"","overlay-color":"","overlay-opacity":"","overlay-gradient":""},"tablet":{"background-color":"","background-image":"","background-repeat":"repeat","background-position":"center center","background-size":"auto","background-attachment":"scroll","background-type":"","background-media":"","overlay-type":"","overlay-color":"","overlay-opacity":"","overlay-gradient":""},"mobile":{"background-color":"","background-image":"","background-repeat":"repeat","background-position":"center center","background-size":"auto","background-attachment":"scroll","background-type":"","background-media":"","overlay-type":"","overlay-color":"","overlay-opacity":"","overlay-gradient":""}},"ast-content-background-meta":{"desktop":{"background-color":"var(--ast-global-color-5)","background-image":"","background-repeat":"repeat","background-position":"center center","background-size":"auto","background-attachment":"scroll","background-type":"","background-media":"","overlay-type":"","overlay-color":"","overlay-opacity":"","overlay-gradient":""},"tablet":{"background-color":"var(--ast-global-color-5)","background-image":"","background-repeat":"repeat","background-position":"center center","background-size":"auto","background-attachment":"scroll","background-type":"","background-media":"","overlay-type":"","overlay-color":"","overlay-opacity":"","overlay-gradient":""},"mobile":{"background-color":"var(--ast-global-color-5)","background-image":"","background-repeat":"repeat","background-position":"center center","background-size":"auto","background-attachment":"scroll","background-type":"","background-media":"","overlay-type":"","overlay-color":"","overlay-opacity":"","overlay-gradient":""}},"footnotes":""},"class_list":["post-1875","page","type-page","status-publish","hentry"],"yoast_head":"<!-- This site is optimized with the Yoast SEO plugin v26.2 - https:\/\/yoast.com\/wordpress\/plugins\/seo\/ -->\n<title>Impressum - Deutsche Hydraulik<\/title>\n<meta name=\"robots\" content=\"index, follow, max-snippet:-1, max-image-preview:large, max-video-preview:-1\" \/>\n<link rel=\"canonical\" href=\"https:\/\/deutsche-hydraulik.com\/en\/impressum\/\" \/>\n<meta property=\"og:locale\" content=\"en_GB\" \/>\n<meta property=\"og:type\" content=\"article\" \/>\n<meta property=\"og:title\" content=\"Impressum - Deutsche Hydraulik\" \/>\n<meta property=\"og:description\" content=\"Impressum B\u00e1csai \u00fat 809026 Gy\u0151r Telefon: +36 96 892 809 E-Mail: sales@deutsche-hydraulik.com Internet: https:\/\/deutsche-hydraulik.com Registernummer: 08-09-035095 Steuernummer: 32111604-2-08 Gesch\u00e4ftsf\u00fchrer: Manfred Grieger Umsatzsteuer-Identifikationsnummer: HU32111604 \u00a0 Rechtliche Hinweise Die Vervielf\u00e4ltigung von Informationen und Daten, insbesondere die Verwendung von Bildern, Texten und Textteilen bedarf der vorherigen Zustimmung der Deutsche Hydraulik Kft. Rechtliche Hinweise nach \u00a7 6 TDGAnbieterin und [&hellip;]\" \/>\n<meta property=\"og:url\" content=\"https:\/\/deutsche-hydraulik.com\/en\/impressum\/\" \/>\n<meta property=\"og:site_name\" content=\"Deutsche Hydraulik\" \/>\n<meta property=\"article:modified_time\" content=\"2025-01-10T14:42:43+00:00\" \/>\n<meta name=\"twitter:card\" content=\"summary_large_image\" \/>\n<meta name=\"twitter:label1\" content=\"Estimated reading time\" \/>\n\t<meta name=\"twitter:data1\" content=\"1 minute\" \/>\n<script type=\"application\/ld+json\" class=\"yoast-schema-graph\">{\"@context\":\"https:\/\/schema.org\",\"@graph\":[{\"@type\":\"WebPage\",\"@id\":\"https:\/\/deutsche-hydraulik.com\/impressum\/\",\"url\":\"https:\/\/deutsche-hydraulik.com\/impressum\/\",\"name\":\"Impressum - Deutsche Hydraulik\",\"isPartOf\":{\"@id\":\"https:\/\/deutsche-hydraulik.com\/#website\"},\"datePublished\":\"2025-01-06T15:23:44+00:00\",\"dateModified\":\"2025-01-10T14:42:43+00:00\",\"breadcrumb\":{\"@id\":\"https:\/\/deutsche-hydraulik.com\/impressum\/#breadcrumb\"},\"inLanguage\":\"en-GB\",\"potentialAction\":[{\"@type\":\"ReadAction\",\"target\":[\"https:\/\/deutsche-hydraulik.com\/impressum\/\"]}]},{\"@type\":\"BreadcrumbList\",\"@id\":\"https:\/\/deutsche-hydraulik.com\/impressum\/#breadcrumb\",\"itemListElement\":[{\"@type\":\"ListItem\",\"position\":1,\"name\":\"Startseite\",\"item\":\"https:\/\/deutsche-hydraulik.com\/\"},{\"@type\":\"ListItem\",\"position\":2,\"name\":\"Impressum\"}]},{\"@type\":\"WebSite\",\"@id\":\"https:\/\/deutsche-hydraulik.com\/#website\",\"url\":\"https:\/\/deutsche-hydraulik.com\/\",\"name\":\"Deutsche Hydraulik\",\"description\":\"The Ultimate Supplier of Automation\",\"publisher\":{\"@id\":\"https:\/\/deutsche-hydraulik.com\/#organization\"},\"potentialAction\":[{\"@type\":\"SearchAction\",\"target\":{\"@type\":\"EntryPoint\",\"urlTemplate\":\"https:\/\/deutsche-hydraulik.com\/?s={search_term_string}\"},\"query-input\":{\"@type\":\"PropertyValueSpecification\",\"valueRequired\":true,\"valueName\":\"search_term_string\"}}],\"inLanguage\":\"en-GB\"},{\"@type\":\"Organization\",\"@id\":\"https:\/\/deutsche-hydraulik.com\/#organization\",\"name\":\"Deutsche Hydraulik\",\"url\":\"https:\/\/deutsche-hydraulik.com\/\",\"logo\":{\"@type\":\"ImageObject\",\"inLanguage\":\"en-GB\",\"@id\":\"https:\/\/deutsche-hydraulik.com\/#\/schema\/logo\/image\/\",\"url\":\"https:\/\/deutsche-hydraulik.com\/wp-content\/uploads\/2024\/11\/Deutsche-Hydraulik-Logo-big.png\",\"contentUrl\":\"https:\/\/deutsche-hydraulik.com\/wp-content\/uploads\/2024\/11\/Deutsche-Hydraulik-Logo-big.png\",\"width\":1312,\"height\":679,\"caption\":\"Deutsche Hydraulik\"},\"image\":{\"@id\":\"https:\/\/deutsche-hydraulik.com\/#\/schema\/logo\/image\/\"}}]}<\/script>\n<!-- \/ Yoast SEO plugin. -->","yoast_head_json":{"title":"Impressum - Deutsche Hydraulik","robots":{"index":"index","follow":"follow","max-snippet":"max-snippet:-1","max-image-preview":"max-image-preview:large","max-video-preview":"max-video-preview:-1"},"canonical":"https:\/\/deutsche-hydraulik.com\/en\/impressum\/","og_locale":"en_GB","og_type":"article","og_title":"Impressum - Deutsche Hydraulik","og_description":"Impressum B\u00e1csai \u00fat 809026 Gy\u0151r Telefon: +36 96 892 809 E-Mail: sales@deutsche-hydraulik.com Internet: https:\/\/deutsche-hydraulik.com Registernummer: 08-09-035095 Steuernummer: 32111604-2-08 Gesch\u00e4ftsf\u00fchrer: Manfred Grieger Umsatzsteuer-Identifikationsnummer: HU32111604 \u00a0 Rechtliche Hinweise Die Vervielf\u00e4ltigung von Informationen und Daten, insbesondere die Verwendung von Bildern, Texten und Textteilen bedarf der vorherigen Zustimmung der Deutsche Hydraulik Kft. Rechtliche Hinweise nach \u00a7 6 TDGAnbieterin und [&hellip;]","og_url":"https:\/\/deutsche-hydraulik.com\/en\/impressum\/","og_site_name":"Deutsche Hydraulik","article_modified_time":"2025-01-10T14:42:43+00:00","twitter_card":"summary_large_image","twitter_misc":{"Estimated reading time":"1 minute"},"schema":{"@context":"https:\/\/schema.org","@graph":[{"@type":"WebPage","@id":"https:\/\/deutsche-hydraulik.com\/impressum\/","url":"https:\/\/deutsche-hydraulik.com\/impressum\/","name":"Impressum - Deutsche Hydraulik","isPartOf":{"@id":"https:\/\/deutsche-hydraulik.com\/#website"},"datePublished":"2025-01-06T15:23:44+00:00","dateModified":"2025-01-10T14:42:43+00:00","breadcrumb":{"@id":"https:\/\/deutsche-hydraulik.com\/impressum\/#breadcrumb"},"inLanguage":"en-GB","potentialAction":[{"@type":"ReadAction","target":["https:\/\/deutsche-hydraulik.com\/impressum\/"]}]},{"@type":"BreadcrumbList","@id":"https:\/\/deutsche-hydraulik.com\/impressum\/#breadcrumb","itemListElement":[{"@type":"ListItem","position":1,"name":"Startseite","item":"https:\/\/deutsche-hydraulik.com\/"},{"@type":"ListItem","position":2,"name":"Impressum"}]},{"@type":"WebSite","@id":"https:\/\/deutsche-hydraulik.com\/#website","url":"https:\/\/deutsche-hydraulik.com\/","name":"Deutsche Hydraulik","description":"The Ultimate Supplier of Automation","publisher":{"@id":"https:\/\/deutsche-hydraulik.com\/#organization"},"potentialAction":[{"@type":"SearchAction","target":{"@type":"EntryPoint","urlTemplate":"https:\/\/deutsche-hydraulik.com\/?s={search_term_string}"},"query-input":{"@type":"PropertyValueSpecification","valueRequired":true,"valueName":"search_term_string"}}],"inLanguage":"en-GB"},{"@type":"Organization","@id":"https:\/\/deutsche-hydraulik.com\/#organization","name":"Deutsche Hydraulik","url":"https:\/\/deutsche-hydraulik.com\/","logo":{"@type":"ImageObject","inLanguage":"en-GB","@id":"https:\/\/deutsche-hydraulik.com\/#\/schema\/logo\/image\/","url":"https:\/\/deutsche-hydraulik.com\/wp-content\/uploads\/2024\/11\/Deutsche-Hydraulik-Logo-big.png","contentUrl":"https:\/\/deutsche-hydraulik.com\/wp-content\/uploads\/2024\/11\/Deutsche-Hydraulik-Logo-big.png","width":1312,"height":679,"caption":"Deutsche Hydraulik"},"image":{"@id":"https:\/\/deutsche-hydraulik.com\/#\/schema\/logo\/image\/"}}]}},"_links":{"self":[{"href":"https:\/\/deutsche-hydraulik.com\/en\/wp-json\/wp\/v2\/pages\/1875","targetHints":{"allow":["GET"]}}],"collection":[{"href":"https:\/\/deutsche-hydraulik.com\/en\/wp-json\/wp\/v2\/pages"}],"about":[{"href":"https:\/\/deutsche-hydraulik.com\/en\/wp-json\/wp\/v2\/types\/page"}],"author":[{"embeddable":true,"href":"https:\/\/deutsche-hydraulik.com\/en\/wp-json\/wp\/v2\/users\/1"}],"replies":[{"embeddable":true,"href":"https:\/\/deutsche-hydraulik.com\/en\/wp-json\/wp\/v2\/comments?post=1875"}],"version-history":[{"count":31,"href":"https:\/\/deutsche-hydraulik.com\/en\/wp-json\/wp\/v2\/pages\/1875\/revisions"}],"predecessor-version":[{"id":2043,"href":"https:\/\/deutsche-hydraulik.com\/en\/wp-json\/wp\/v2\/pages\/1875\/revisions\/2043"}],"wp:attachment":[{"href":"https:\/\/deutsche-hydraulik.com\/en\/wp-json\/wp\/v2\/media?parent=1875"}],"curies":[{"name":"wp","href":"https:\/\/api.w.org\/{rel}","templated":true}]}}