{"id":1710,"date":"2024-11-09T10:07:59","date_gmt":"2024-11-09T10:07:59","guid":{"rendered":"https:\/\/deutsche-hydraulik.com\/about\/"},"modified":"2026-01-09T11:37:07","modified_gmt":"2026-01-09T11:37:07","slug":"about","status":"publish","type":"page","link":"https:\/\/deutsche-hydraulik.com\/en\/about\/","title":{"rendered":"About"},"content":{"rendered":"<div data-elementor-type=\"wp-page\" data-elementor-id=\"1710\" class=\"elementor elementor-1710\">\n\t\t\t\t<div class=\"elementor-element elementor-element-4094ee7 e-flex e-con-boxed e-con e-parent\" data-id=\"4094ee7\" data-element_type=\"container\" data-settings=\"{&quot;background_background&quot;:&quot;classic&quot;}\">\n\t\t\t\t\t<div class=\"e-con-inner\">\n\t\t<div class=\"elementor-element elementor-element-8695738 e-con-full e-flex e-con e-child\" data-id=\"8695738\" data-element_type=\"container\">\n\t\t\t\t<div class=\"elementor-element elementor-element-2646c9c elementor-widget elementor-widget-heading\" data-id=\"2646c9c\" data-element_type=\"widget\" data-widget_type=\"heading.default\">\n\t\t\t\t<div class=\"elementor-widget-container\">\n\t\t\t\t\t<h1 class=\"elementor-heading-title elementor-size-default\">About<\/h1>\t\t\t\t<\/div>\n\t\t\t\t<\/div>\n\t\t\t\t<\/div>\n\t\t\t\t\t<\/div>\n\t\t\t\t<\/div>\n\t\t<div class=\"elementor-element elementor-element-e90f62c e-flex e-con-boxed e-con e-parent\" data-id=\"e90f62c\" data-element_type=\"container\">\n\t\t\t\t\t<div class=\"e-con-inner\">\n\t\t<div class=\"elementor-element elementor-element-0c682a2 e-con-full e-flex e-con e-child\" data-id=\"0c682a2\" data-element_type=\"container\">\n\t\t\t\t<div class=\"elementor-element elementor-element-b72d649 elementor-widget__width-initial elementor-arrows-position-inside elementor-pagination-position-outside elementor-widget elementor-widget-image-carousel\" data-id=\"b72d649\" data-element_type=\"widget\" data-settings=\"{&quot;slides_to_show&quot;:&quot;1&quot;,&quot;autoplay_speed&quot;:6000,&quot;navigation&quot;:&quot;both&quot;,&quot;autoplay&quot;:&quot;yes&quot;,&quot;pause_on_hover&quot;:&quot;yes&quot;,&quot;pause_on_interaction&quot;:&quot;yes&quot;,&quot;infinite&quot;:&quot;yes&quot;,&quot;effect&quot;:&quot;slide&quot;,&quot;speed&quot;:500}\" data-widget_type=\"image-carousel.default\">\n\t\t\t\t<div class=\"elementor-widget-container\">\n\t\t\t\t\t\t\t<div class=\"elementor-image-carousel-wrapper swiper\" role=\"region\" aria-roledescription=\"carousel\" aria-label=\"Bild Karussell\" dir=\"ltr\">\n\t\t\t<div class=\"elementor-image-carousel swiper-wrapper\" aria-live=\"off\">\n\t\t\t\t\t\t\t\t<div class=\"swiper-slide\" role=\"group\" aria-roledescription=\"slide\" aria-label=\"1 von 3\"><figure class=\"swiper-slide-inner\"><img decoding=\"async\" class=\"swiper-slide-image\" src=\"https:\/\/deutsche-hydraulik.com\/wp-content\/uploads\/2025\/08\/DSC00959-1024x683.jpg\" alt=\"January 2025: We move into our new office building in Gy\u0151r.\" \/><figcaption class=\"elementor-image-carousel-caption\">January 2025: We move into our new office building in Gy\u0151r.<\/figcaption><\/figure><\/div><div class=\"swiper-slide\" role=\"group\" aria-roledescription=\"slide\" aria-label=\"2 von 3\"><figure class=\"swiper-slide-inner\"><img decoding=\"async\" class=\"swiper-slide-image\" src=\"https:\/\/deutsche-hydraulik.com\/wp-content\/uploads\/2025\/08\/Messe.jpg\" alt=\"Hannover Messe March\/April 2025. Many thanks to all our visitors, it was a great week.\" \/><figcaption class=\"elementor-image-carousel-caption\">Hannover Messe March\/April 2025. Many thanks to all our visitors, it was a great week.<\/figcaption><\/figure><\/div><div class=\"swiper-slide\" role=\"group\" aria-roledescription=\"slide\" aria-label=\"3 von 3\"><figure class=\"swiper-slide-inner\"><img decoding=\"async\" class=\"swiper-slide-image\" src=\"https:\/\/deutsche-hydraulik.com\/wp-content\/uploads\/2025\/08\/Eckerle-logo.png\" alt=\"Since September 2025, we offer Eckerle gear pumps ex stock, including several pumps.\" \/><figcaption class=\"elementor-image-carousel-caption\">Since September 2025, we offer Eckerle gear pumps ex stock, including several pumps.<\/figcaption><\/figure><\/div>\t\t\t<\/div>\n\t\t\t\t\t\t\t\t\t\t\t\t<div class=\"elementor-swiper-button elementor-swiper-button-prev\" role=\"button\" tabindex=\"0\">\n\t\t\t\t\t\t<svg aria-hidden=\"true\" class=\"e-font-icon-svg e-eicon-chevron-left\" viewbox=\"0 0 1000 1000\" xmlns=\"http:\/\/www.w3.org\/2000\/svg\"><path d=\"M646 125C629 125 613 133 604 142L308 442C296 454 292 471 292 487 292 504 296 521 308 533L604 854C617 867 629 875 646 875 663 875 679 871 692 858 704 846 713 829 713 812 713 796 708 779 692 767L438 487 692 225C700 217 708 204 708 187 708 171 704 154 692 142 675 129 663 125 646 125Z\"><\/path><\/svg>\t\t\t\t\t<\/div>\n\t\t\t\t\t<div class=\"elementor-swiper-button elementor-swiper-button-next\" role=\"button\" tabindex=\"0\">\n\t\t\t\t\t\t<svg aria-hidden=\"true\" class=\"e-font-icon-svg e-eicon-chevron-right\" viewbox=\"0 0 1000 1000\" xmlns=\"http:\/\/www.w3.org\/2000\/svg\"><path d=\"M696 533C708 521 713 504 713 487 713 471 708 454 696 446L400 146C388 133 375 125 354 125 338 125 325 129 313 142 300 154 292 171 292 187 292 204 296 221 308 233L563 492 304 771C292 783 288 800 288 817 288 833 296 850 308 863 321 871 338 875 354 875 371 875 388 867 400 854L696 533Z\"><\/path><\/svg>\t\t\t\t\t<\/div>\n\t\t\t\t\n\t\t\t\t\t\t\t\t\t<div class=\"swiper-pagination\"><\/div>\n\t\t\t\t\t\t\t\t\t<\/div>\n\t\t\t\t\t\t<\/div>\n\t\t\t\t<\/div>\n\t\t\t\t<\/div>\n\t\t<div class=\"elementor-element elementor-element-b29abee e-con-full e-flex e-con e-child\" data-id=\"b29abee\" data-element_type=\"container\">\n\t\t\t\t<div class=\"elementor-element elementor-element-f095111 elementor-widget elementor-widget-heading\" data-id=\"f095111\" data-element_type=\"widget\" data-widget_type=\"heading.default\">\n\t\t\t\t<div class=\"elementor-widget-container\">\n\t\t\t\t\t<h2 class=\"elementor-heading-title elementor-size-default\">Our Mission<\/h2>\t\t\t\t<\/div>\n\t\t\t\t<\/div>\n\t\t\t\t<div class=\"elementor-element elementor-element-5990b83 elementor-widget elementor-widget-text-editor\" data-id=\"5990b83\" data-element_type=\"widget\" data-widget_type=\"text-editor.default\">\n\t\t\t\t<div class=\"elementor-widget-container\">\n\t\t\t\t\t\t\t\t\t<p>Our small and successful family business is trading hydraulic components, pneumatic components and own-brand aluminium profiles worldwide Business-to-Business since the founding of our first company near Stuttgart, Germany, in 2002.<\/p><p>Established 2022 in Gy\u0151r-R\u00e9vfalu, Deutsche Hydraulik Kft. expands its international reach. We just moved into our new building in B\u00e1csai \u00fat, Gy\u0151r-R\u00e9vfalu.<\/p><p>We only provide best quality products to our valued customers.<\/p>\t\t\t\t\t\t\t\t<\/div>\n\t\t\t\t<\/div>\n\t\t\t\t<\/div>\n\t\t\t\t\t<\/div>\n\t\t\t\t<\/div>\n\t\t<div class=\"elementor-element elementor-element-9913187 e-flex e-con-boxed e-con e-parent\" data-id=\"9913187\" data-element_type=\"container\" data-settings=\"{&quot;background_background&quot;:&quot;classic&quot;}\">\n\t\t\t\t\t<div class=\"e-con-inner\">\n\t\t<div class=\"elementor-element elementor-element-0f074f2 e-con-full e-flex e-con e-child\" data-id=\"0f074f2\" data-element_type=\"container\">\n\t\t\t\t<\/div>\n\t\t\t\t\t<\/div>\n\t\t\t\t<\/div>\n\t\t\t\t<\/div>","protected":false},"excerpt":{"rendered":"<p>About January 2025: We move into our new office building in Gy\u0151r. Hannover Messe March\/April 2025. Many thanks to all our visitors, it was a great week. Since September 2025, we offer Eckerle gear pumps ex stock, including several pumps. Our Mission Our small and successful family business is trading hydraulic components, pneumatic components and [&hellip;]<\/p>","protected":false},"author":1,"featured_media":0,"parent":0,"menu_order":0,"comment_status":"closed","ping_status":"closed","template":"","meta":{"site-sidebar-layout":"no-sidebar","site-content-layout":"page-builder","ast-site-content-layout":"default","site-content-style":"default","site-sidebar-style":"default","ast-global-header-display":"","ast-banner-title-visibility":"","ast-main-header-display":"","ast-hfb-above-header-display":"","ast-hfb-below-header-display":"","ast-hfb-mobile-header-display":"","site-post-title":"disabled","ast-breadcrumbs-content":"","ast-featured-img":"disabled","footer-sml-layout":"","theme-transparent-header-meta":"enabled","adv-header-id-meta":"","stick-header-meta":"","header-above-stick-meta":"","header-main-stick-meta":"","header-below-stick-meta":"","astra-migrate-meta-layouts":"default","ast-page-background-enabled":"default","ast-page-background-meta":{"desktop":{"background-color":"var(--ast-global-color-4)","background-image":"","background-repeat":"repeat","background-position":"center center","background-size":"auto","background-attachment":"scroll","background-type":"","background-media":"","overlay-type":"","overlay-color":"","overlay-opacity":"","overlay-gradient":""},"tablet":{"background-color":"","background-image":"","background-repeat":"repeat","background-position":"center center","background-size":"auto","background-attachment":"scroll","background-type":"","background-media":"","overlay-type":"","overlay-color":"","overlay-opacity":"","overlay-gradient":""},"mobile":{"background-color":"","background-image":"","background-repeat":"repeat","background-position":"center center","background-size":"auto","background-attachment":"scroll","background-type":"","background-media":"","overlay-type":"","overlay-color":"","overlay-opacity":"","overlay-gradient":""}},"ast-content-background-meta":{"desktop":{"background-color":"var(--ast-global-color-5)","background-image":"","background-repeat":"repeat","background-position":"center center","background-size":"auto","background-attachment":"scroll","background-type":"","background-media":"","overlay-type":"","overlay-color":"","overlay-opacity":"","overlay-gradient":""},"tablet":{"background-color":"var(--ast-global-color-5)","background-image":"","background-repeat":"repeat","background-position":"center center","background-size":"auto","background-attachment":"scroll","background-type":"","background-media":"","overlay-type":"","overlay-color":"","overlay-opacity":"","overlay-gradient":""},"mobile":{"background-color":"var(--ast-global-color-5)","background-image":"","background-repeat":"repeat","background-position":"center center","background-size":"auto","background-attachment":"scroll","background-type":"","background-media":"","overlay-type":"","overlay-color":"","overlay-opacity":"","overlay-gradient":""}},"footnotes":""},"class_list":["post-1710","page","type-page","status-publish","hentry"],"yoast_head":"<!-- This site is optimized with the Yoast SEO plugin v26.2 - https:\/\/yoast.com\/wordpress\/plugins\/seo\/ -->\n<title>About - Deutsche Hydraulik<\/title>\n<meta name=\"robots\" content=\"index, follow, max-snippet:-1, max-image-preview:large, max-video-preview:-1\" \/>\n<link rel=\"canonical\" href=\"https:\/\/deutsche-hydraulik.com\/en\/about\/\" \/>\n<meta property=\"og:locale\" content=\"en_GB\" \/>\n<meta property=\"og:type\" content=\"article\" \/>\n<meta property=\"og:title\" content=\"About - Deutsche Hydraulik\" \/>\n<meta property=\"og:description\" content=\"About January 2025: We move into our new office building in Gy\u0151r. Hannover Messe March\/April 2025. Many thanks to all our visitors, it was a great week. Since September 2025, we offer Eckerle gear pumps ex stock, including several pumps. Our Mission Our small and successful family business is trading hydraulic components, pneumatic components and [&hellip;]\" \/>\n<meta property=\"og:url\" content=\"https:\/\/deutsche-hydraulik.com\/en\/about\/\" \/>\n<meta property=\"og:site_name\" content=\"Deutsche Hydraulik\" \/>\n<meta property=\"article:modified_time\" content=\"2026-01-09T11:37:07+00:00\" \/>\n<meta property=\"og:image\" content=\"https:\/\/deutsche-hydraulik.com\/wp-content\/uploads\/2025\/08\/DSC00959-1024x683.jpg\" \/>\n<meta name=\"twitter:card\" content=\"summary_large_image\" \/>\n<meta name=\"twitter:label1\" content=\"Estimated reading time\" \/>\n\t<meta name=\"twitter:data1\" content=\"2 minutes\" \/>\n<script type=\"application\/ld+json\" class=\"yoast-schema-graph\">{\"@context\":\"https:\/\/schema.org\",\"@graph\":[{\"@type\":\"WebPage\",\"@id\":\"https:\/\/deutsche-hydraulik.com\/about\/\",\"url\":\"https:\/\/deutsche-hydraulik.com\/about\/\",\"name\":\"About - Deutsche Hydraulik\",\"isPartOf\":{\"@id\":\"https:\/\/deutsche-hydraulik.com\/#website\"},\"primaryImageOfPage\":{\"@id\":\"https:\/\/deutsche-hydraulik.com\/about\/#primaryimage\"},\"image\":{\"@id\":\"https:\/\/deutsche-hydraulik.com\/about\/#primaryimage\"},\"thumbnailUrl\":\"https:\/\/deutsche-hydraulik.com\/wp-content\/uploads\/2025\/08\/DSC00959-1024x683.jpg\",\"datePublished\":\"2024-11-09T10:07:59+00:00\",\"dateModified\":\"2026-01-09T11:37:07+00:00\",\"breadcrumb\":{\"@id\":\"https:\/\/deutsche-hydraulik.com\/about\/#breadcrumb\"},\"inLanguage\":\"en-GB\",\"potentialAction\":[{\"@type\":\"ReadAction\",\"target\":[\"https:\/\/deutsche-hydraulik.com\/about\/\"]}]},{\"@type\":\"ImageObject\",\"inLanguage\":\"en-GB\",\"@id\":\"https:\/\/deutsche-hydraulik.com\/about\/#primaryimage\",\"url\":\"https:\/\/deutsche-hydraulik.com\/wp-content\/uploads\/2025\/08\/DSC00959-1024x683.jpg\",\"contentUrl\":\"https:\/\/deutsche-hydraulik.com\/wp-content\/uploads\/2025\/08\/DSC00959-1024x683.jpg\"},{\"@type\":\"BreadcrumbList\",\"@id\":\"https:\/\/deutsche-hydraulik.com\/about\/#breadcrumb\",\"itemListElement\":[{\"@type\":\"ListItem\",\"position\":1,\"name\":\"Startseite\",\"item\":\"https:\/\/deutsche-hydraulik.com\/\"},{\"@type\":\"ListItem\",\"position\":2,\"name\":\"About\"}]},{\"@type\":\"WebSite\",\"@id\":\"https:\/\/deutsche-hydraulik.com\/#website\",\"url\":\"https:\/\/deutsche-hydraulik.com\/\",\"name\":\"Deutsche Hydraulik\",\"description\":\"The Ultimate Supplier of Automation\",\"publisher\":{\"@id\":\"https:\/\/deutsche-hydraulik.com\/#organization\"},\"potentialAction\":[{\"@type\":\"SearchAction\",\"target\":{\"@type\":\"EntryPoint\",\"urlTemplate\":\"https:\/\/deutsche-hydraulik.com\/?s={search_term_string}\"},\"query-input\":{\"@type\":\"PropertyValueSpecification\",\"valueRequired\":true,\"valueName\":\"search_term_string\"}}],\"inLanguage\":\"en-GB\"},{\"@type\":\"Organization\",\"@id\":\"https:\/\/deutsche-hydraulik.com\/#organization\",\"name\":\"Deutsche Hydraulik\",\"url\":\"https:\/\/deutsche-hydraulik.com\/\",\"logo\":{\"@type\":\"ImageObject\",\"inLanguage\":\"en-GB\",\"@id\":\"https:\/\/deutsche-hydraulik.com\/#\/schema\/logo\/image\/\",\"url\":\"https:\/\/deutsche-hydraulik.com\/wp-content\/uploads\/2024\/11\/Deutsche-Hydraulik-Logo-big.png\",\"contentUrl\":\"https:\/\/deutsche-hydraulik.com\/wp-content\/uploads\/2024\/11\/Deutsche-Hydraulik-Logo-big.png\",\"width\":1312,\"height\":679,\"caption\":\"Deutsche Hydraulik\"},\"image\":{\"@id\":\"https:\/\/deutsche-hydraulik.com\/#\/schema\/logo\/image\/\"}}]}<\/script>\n<!-- \/ Yoast SEO plugin. -->","yoast_head_json":{"title":"About - Deutsche Hydraulik","robots":{"index":"index","follow":"follow","max-snippet":"max-snippet:-1","max-image-preview":"max-image-preview:large","max-video-preview":"max-video-preview:-1"},"canonical":"https:\/\/deutsche-hydraulik.com\/en\/about\/","og_locale":"en_GB","og_type":"article","og_title":"About - Deutsche Hydraulik","og_description":"About January 2025: We move into our new office building in Gy\u0151r. Hannover Messe March\/April 2025. Many thanks to all our visitors, it was a great week. Since September 2025, we offer Eckerle gear pumps ex stock, including several pumps. Our Mission Our small and successful family business is trading hydraulic components, pneumatic components and [&hellip;]","og_url":"https:\/\/deutsche-hydraulik.com\/en\/about\/","og_site_name":"Deutsche Hydraulik","article_modified_time":"2026-01-09T11:37:07+00:00","og_image":[{"url":"https:\/\/deutsche-hydraulik.com\/wp-content\/uploads\/2025\/08\/DSC00959-1024x683.jpg","type":"","width":"","height":""}],"twitter_card":"summary_large_image","twitter_misc":{"Estimated reading time":"2 minutes"},"schema":{"@context":"https:\/\/schema.org","@graph":[{"@type":"WebPage","@id":"https:\/\/deutsche-hydraulik.com\/about\/","url":"https:\/\/deutsche-hydraulik.com\/about\/","name":"About - Deutsche Hydraulik","isPartOf":{"@id":"https:\/\/deutsche-hydraulik.com\/#website"},"primaryImageOfPage":{"@id":"https:\/\/deutsche-hydraulik.com\/about\/#primaryimage"},"image":{"@id":"https:\/\/deutsche-hydraulik.com\/about\/#primaryimage"},"thumbnailUrl":"https:\/\/deutsche-hydraulik.com\/wp-content\/uploads\/2025\/08\/DSC00959-1024x683.jpg","datePublished":"2024-11-09T10:07:59+00:00","dateModified":"2026-01-09T11:37:07+00:00","breadcrumb":{"@id":"https:\/\/deutsche-hydraulik.com\/about\/#breadcrumb"},"inLanguage":"en-GB","potentialAction":[{"@type":"ReadAction","target":["https:\/\/deutsche-hydraulik.com\/about\/"]}]},{"@type":"ImageObject","inLanguage":"en-GB","@id":"https:\/\/deutsche-hydraulik.com\/about\/#primaryimage","url":"https:\/\/deutsche-hydraulik.com\/wp-content\/uploads\/2025\/08\/DSC00959-1024x683.jpg","contentUrl":"https:\/\/deutsche-hydraulik.com\/wp-content\/uploads\/2025\/08\/DSC00959-1024x683.jpg"},{"@type":"BreadcrumbList","@id":"https:\/\/deutsche-hydraulik.com\/about\/#breadcrumb","itemListElement":[{"@type":"ListItem","position":1,"name":"Startseite","item":"https:\/\/deutsche-hydraulik.com\/"},{"@type":"ListItem","position":2,"name":"About"}]},{"@type":"WebSite","@id":"https:\/\/deutsche-hydraulik.com\/#website","url":"https:\/\/deutsche-hydraulik.com\/","name":"Deutsche Hydraulik","description":"The Ultimate Supplier of Automation","publisher":{"@id":"https:\/\/deutsche-hydraulik.com\/#organization"},"potentialAction":[{"@type":"SearchAction","target":{"@type":"EntryPoint","urlTemplate":"https:\/\/deutsche-hydraulik.com\/?s={search_term_string}"},"query-input":{"@type":"PropertyValueSpecification","valueRequired":true,"valueName":"search_term_string"}}],"inLanguage":"en-GB"},{"@type":"Organization","@id":"https:\/\/deutsche-hydraulik.com\/#organization","name":"Deutsche Hydraulik","url":"https:\/\/deutsche-hydraulik.com\/","logo":{"@type":"ImageObject","inLanguage":"en-GB","@id":"https:\/\/deutsche-hydraulik.com\/#\/schema\/logo\/image\/","url":"https:\/\/deutsche-hydraulik.com\/wp-content\/uploads\/2024\/11\/Deutsche-Hydraulik-Logo-big.png","contentUrl":"https:\/\/deutsche-hydraulik.com\/wp-content\/uploads\/2024\/11\/Deutsche-Hydraulik-Logo-big.png","width":1312,"height":679,"caption":"Deutsche Hydraulik"},"image":{"@id":"https:\/\/deutsche-hydraulik.com\/#\/schema\/logo\/image\/"}}]}},"_links":{"self":[{"href":"https:\/\/deutsche-hydraulik.com\/en\/wp-json\/wp\/v2\/pages\/1710","targetHints":{"allow":["GET"]}}],"collection":[{"href":"https:\/\/deutsche-hydraulik.com\/en\/wp-json\/wp\/v2\/pages"}],"about":[{"href":"https:\/\/deutsche-hydraulik.com\/en\/wp-json\/wp\/v2\/types\/page"}],"author":[{"embeddable":true,"href":"https:\/\/deutsche-hydraulik.com\/en\/wp-json\/wp\/v2\/users\/1"}],"replies":[{"embeddable":true,"href":"https:\/\/deutsche-hydraulik.com\/en\/wp-json\/wp\/v2\/comments?post=1710"}],"version-history":[{"count":51,"href":"https:\/\/deutsche-hydraulik.com\/en\/wp-json\/wp\/v2\/pages\/1710\/revisions"}],"predecessor-version":[{"id":2999,"href":"https:\/\/deutsche-hydraulik.com\/en\/wp-json\/wp\/v2\/pages\/1710\/revisions\/2999"}],"wp:attachment":[{"href":"https:\/\/deutsche-hydraulik.com\/en\/wp-json\/wp\/v2\/media?parent=1710"}],"curies":[{"name":"wp","href":"https:\/\/api.w.org\/{rel}","templated":true}]}}